{"id":600,"date":"2023-03-16T02:42:31","date_gmt":"2023-03-16T02:42:31","guid":{"rendered":"https:\/\/ernestojara.com.uy\/?page_id=600"},"modified":"2023-04-17T19:28:51","modified_gmt":"2023-04-17T19:28:51","slug":"entrevistas","status":"publish","type":"page","link":"https:\/\/ernestojara.com.uy\/index.php\/entrevistas\/","title":{"rendered":"Entrevistas"},"content":{"rendered":"\t\t<div data-elementor-type=\"wp-page\" data-elementor-id=\"600\" class=\"elementor elementor-600\" data-elementor-post-type=\"page\">\n\t\t\t\t\t\t<section class=\"elementor-section elementor-top-section elementor-element elementor-element-12de1178 elementor-section-boxed elementor-section-height-default elementor-section-height-default\" data-id=\"12de1178\" data-element_type=\"section\" data-e-type=\"section\" data-settings=\"{&quot;ekit_has_onepagescroll_dot&quot;:&quot;yes&quot;}\">\n\t\t\t\t\t\t<div class=\"elementor-container elementor-column-gap-default\">\n\t\t\t\t\t<div class=\"elementor-column elementor-col-50 elementor-top-column elementor-element elementor-element-7b5e399b\" data-id=\"7b5e399b\" data-element_type=\"column\" data-e-type=\"column\">\n\t\t\t<div class=\"elementor-widget-wrap elementor-element-populated\">\n\t\t\t\t\t\t<div class=\"elementor-element elementor-element-5028b00f elementor-widget elementor-widget-heading\" data-id=\"5028b00f\" data-element_type=\"widget\" data-e-type=\"widget\" data-settings=\"{&quot;ekit_we_effect_on&quot;:&quot;none&quot;}\" data-widget_type=\"heading.default\">\n\t\t\t\t<div class=\"elementor-widget-container\">\n\t\t\t\t\t<h2 class=\"elementor-heading-title elementor-size-default\">Prensa<\/h2>\t\t\t\t<\/div>\n\t\t\t\t<\/div>\n\t\t\t\t<div class=\"elementor-element elementor-element-2536d273 elementor-grid-2 elementor-grid-tablet-2 elementor-grid-mobile-1 elementor-posts--thumbnail-top elementor-widget elementor-widget-posts\" data-id=\"2536d273\" data-element_type=\"widget\" data-e-type=\"widget\" data-settings=\"{&quot;classic_columns&quot;:&quot;2&quot;,&quot;pagination_type&quot;:&quot;load_more_infinite_scroll&quot;,&quot;classic_columns_tablet&quot;:&quot;2&quot;,&quot;classic_columns_mobile&quot;:&quot;1&quot;,&quot;classic_row_gap&quot;:{&quot;unit&quot;:&quot;px&quot;,&quot;size&quot;:35,&quot;sizes&quot;:[]},&quot;classic_row_gap_tablet&quot;:{&quot;unit&quot;:&quot;px&quot;,&quot;size&quot;:&quot;&quot;,&quot;sizes&quot;:[]},&quot;classic_row_gap_mobile&quot;:{&quot;unit&quot;:&quot;px&quot;,&quot;size&quot;:&quot;&quot;,&quot;sizes&quot;:[]},&quot;load_more_spinner&quot;:{&quot;value&quot;:&quot;fas fa-spinner&quot;,&quot;library&quot;:&quot;fa-solid&quot;},&quot;ekit_we_effect_on&quot;:&quot;none&quot;}\" data-widget_type=\"posts.classic\">\n\t\t\t\t<div class=\"elementor-widget-container\">\n\t\t\t\t\t\t\t<div class=\"elementor-posts-container elementor-posts elementor-posts--skin-classic elementor-grid\" role=\"list\">\n\t\t\t\t<article class=\"elementor-post elementor-grid-item post-2056 post type-post status-publish format-standard has-post-thumbnail hentry category-prensa\" role=\"listitem\">\n\t\t\t\t<a class=\"elementor-post__thumbnail__link\" href=\"https:\/\/ernestojara.com.uy\/index.php\/2025\/06\/19\/ernesto-jara-coach-y-conferencista-ayudar-a-otros-es-una-fuerza-motora-muy-poderosa\/\" tabindex=\"-1\" >\n\t\t\t<div class=\"elementor-post__thumbnail\"><img fetchpriority=\"high\" decoding=\"async\" width=\"790\" height=\"527\" src=\"https:\/\/ernestojara.com.uy\/wp-content\/uploads\/2025\/06\/ernesto-jara.webp\" class=\"attachment-full size-full wp-image-2057\" alt=\"\" srcset=\"https:\/\/ernestojara.com.uy\/wp-content\/uploads\/2025\/06\/ernesto-jara.webp 790w, https:\/\/ernestojara.com.uy\/wp-content\/uploads\/2025\/06\/ernesto-jara-300x200.webp 300w, https:\/\/ernestojara.com.uy\/wp-content\/uploads\/2025\/06\/ernesto-jara-768x512.webp 768w\" sizes=\"(max-width: 790px) 100vw, 790px\" \/><\/div>\n\t\t<\/a>\n\t\t\t\t<div class=\"elementor-post__text\">\n\t\t\t\t<h3 class=\"elementor-post__title\">\n\t\t\t<a href=\"https:\/\/ernestojara.com.uy\/index.php\/2025\/06\/19\/ernesto-jara-coach-y-conferencista-ayudar-a-otros-es-una-fuerza-motora-muy-poderosa\/\" >\n\t\t\t\tErnesto Jara, coach y conferencista: &#8220;Ayudar a otros es una fuerza motora muy poderosa&#8221;\t\t\t<\/a>\n\t\t<\/h3>\n\t\t\t\t<\/div>\n\t\t\t\t<\/article>\n\t\t\t\t<article class=\"elementor-post elementor-grid-item post-2050 post type-post status-publish format-standard has-post-thumbnail hentry category-prensa\" role=\"listitem\">\n\t\t\t\t<a class=\"elementor-post__thumbnail__link\" href=\"https:\/\/ernestojara.com.uy\/index.php\/2025\/06\/19\/entrevista-la-historia-de-ernesto-jara-uno-de-los-oyentes-que-viajo-con-la-mesa-a-imbassai\/\" tabindex=\"-1\" >\n\t\t\t<div class=\"elementor-post__thumbnail\"><img decoding=\"async\" width=\"1033\" height=\"683\" src=\"https:\/\/ernestojara.com.uy\/wp-content\/uploads\/2025\/06\/Captura-de-pantalla-2025-06-19-a-las-4.26.05\u202fp.-m.png\" class=\"attachment-full size-full wp-image-2051\" alt=\"\" srcset=\"https:\/\/ernestojara.com.uy\/wp-content\/uploads\/2025\/06\/Captura-de-pantalla-2025-06-19-a-las-4.26.05\u202fp.-m.png 1033w, https:\/\/ernestojara.com.uy\/wp-content\/uploads\/2025\/06\/Captura-de-pantalla-2025-06-19-a-las-4.26.05\u202fp.-m-300x198.png 300w, https:\/\/ernestojara.com.uy\/wp-content\/uploads\/2025\/06\/Captura-de-pantalla-2025-06-19-a-las-4.26.05\u202fp.-m-1024x677.png 1024w, https:\/\/ernestojara.com.uy\/wp-content\/uploads\/2025\/06\/Captura-de-pantalla-2025-06-19-a-las-4.26.05\u202fp.-m-768x508.png 768w\" sizes=\"(max-width: 1033px) 100vw, 1033px\" \/><\/div>\n\t\t<\/a>\n\t\t\t\t<div class=\"elementor-post__text\">\n\t\t\t\t<h3 class=\"elementor-post__title\">\n\t\t\t<a href=\"https:\/\/ernestojara.com.uy\/index.php\/2025\/06\/19\/entrevista-la-historia-de-ernesto-jara-uno-de-los-oyentes-que-viajo-con-la-mesa-a-imbassai\/\" >\n\t\t\t\tEntrevista: La historia de Ernesto Jara, uno de los oyentes que viaj\u00f3 con La Mesa a Imbassa\u00ed.\t\t\t<\/a>\n\t\t<\/h3>\n\t\t\t\t<\/div>\n\t\t\t\t<\/article>\n\t\t\t\t<article class=\"elementor-post elementor-grid-item post-2047 post type-post status-publish format-standard has-post-thumbnail hentry category-prensa\" role=\"listitem\">\n\t\t\t\t<a class=\"elementor-post__thumbnail__link\" href=\"https:\/\/ernestojara.com.uy\/index.php\/2025\/06\/19\/empresarios-de-aca-el-rol-del-coaching-empresarial-empresarios-lideres\/\" tabindex=\"-1\" >\n\t\t\t<div class=\"elementor-post__thumbnail\"><img decoding=\"async\" width=\"567\" height=\"380\" src=\"https:\/\/ernestojara.com.uy\/wp-content\/uploads\/2025\/06\/Captura-de-pantalla-2025-06-19-a-las-4.37.52\u202fp.-m.png\" class=\"attachment-full size-full wp-image-2055\" alt=\"\" srcset=\"https:\/\/ernestojara.com.uy\/wp-content\/uploads\/2025\/06\/Captura-de-pantalla-2025-06-19-a-las-4.37.52\u202fp.-m.png 567w, https:\/\/ernestojara.com.uy\/wp-content\/uploads\/2025\/06\/Captura-de-pantalla-2025-06-19-a-las-4.37.52\u202fp.-m-300x201.png 300w\" sizes=\"(max-width: 567px) 100vw, 567px\" \/><\/div>\n\t\t<\/a>\n\t\t\t\t<div class=\"elementor-post__text\">\n\t\t\t\t<h3 class=\"elementor-post__title\">\n\t\t\t<a href=\"https:\/\/ernestojara.com.uy\/index.php\/2025\/06\/19\/empresarios-de-aca-el-rol-del-coaching-empresarial-empresarios-lideres\/\" >\n\t\t\t\tEmpresarios de Ac\u00e1 | el rol del coaching empresarial &amp; empresarios l\u00edderes\t\t\t<\/a>\n\t\t<\/h3>\n\t\t\t\t<\/div>\n\t\t\t\t<\/article>\n\t\t\t\t<article class=\"elementor-post elementor-grid-item post-1690 post type-post status-publish format-standard has-post-thumbnail hentry category-prensa tag-liderazgo\" role=\"listitem\">\n\t\t\t\t<a class=\"elementor-post__thumbnail__link\" href=\"https:\/\/ernestojara.com.uy\/index.php\/2023\/05\/15\/entrevista-congreso-de-autoestima-y-liderazgo-de-montevideo\/\" tabindex=\"-1\" >\n\t\t\t<div class=\"elementor-post__thumbnail\"><img loading=\"lazy\" decoding=\"async\" width=\"800\" height=\"800\" src=\"https:\/\/ernestojara.com.uy\/wp-content\/uploads\/2023\/05\/Captura-de-pantalla-2023-05-15-a-las-09.33.29-e1684956002683.png\" class=\"attachment-full size-full wp-image-1693\" alt=\"\" srcset=\"https:\/\/ernestojara.com.uy\/wp-content\/uploads\/2023\/05\/Captura-de-pantalla-2023-05-15-a-las-09.33.29-e1684956002683.png 800w, https:\/\/ernestojara.com.uy\/wp-content\/uploads\/2023\/05\/Captura-de-pantalla-2023-05-15-a-las-09.33.29-e1684956002683-300x300.png 300w, https:\/\/ernestojara.com.uy\/wp-content\/uploads\/2023\/05\/Captura-de-pantalla-2023-05-15-a-las-09.33.29-e1684956002683-150x150.png 150w, https:\/\/ernestojara.com.uy\/wp-content\/uploads\/2023\/05\/Captura-de-pantalla-2023-05-15-a-las-09.33.29-e1684956002683-768x768.png 768w\" sizes=\"(max-width: 800px) 100vw, 800px\" \/><\/div>\n\t\t<\/a>\n\t\t\t\t<div class=\"elementor-post__text\">\n\t\t\t\t<h3 class=\"elementor-post__title\">\n\t\t\t<a href=\"https:\/\/ernestojara.com.uy\/index.php\/2023\/05\/15\/entrevista-congreso-de-autoestima-y-liderazgo-de-montevideo\/\" >\n\t\t\t\tEntrevista- Congreso de Autoestima y Liderazgo de Montevideo\t\t\t<\/a>\n\t\t<\/h3>\n\t\t\t\t<\/div>\n\t\t\t\t<\/article>\n\t\t\t\t<article class=\"elementor-post elementor-grid-item post-308 post type-post status-publish format-standard has-post-thumbnail hentry category-prensa\" role=\"listitem\">\n\t\t\t\t<a class=\"elementor-post__thumbnail__link\" href=\"https:\/\/ernestojara.com.uy\/index.php\/2023\/03\/15\/resiliencia-tres-uruguayos-que-superaron-la-adversidad-y-la-tragedia\/\" tabindex=\"-1\" >\n\t\t\t<div class=\"elementor-post__thumbnail\"><img loading=\"lazy\" decoding=\"async\" width=\"800\" height=\"800\" src=\"https:\/\/ernestojara.com.uy\/wp-content\/uploads\/2023\/03\/4.jpg\" class=\"attachment-full size-full wp-image-287\" alt=\"\" srcset=\"https:\/\/ernestojara.com.uy\/wp-content\/uploads\/2023\/03\/4.jpg 800w, https:\/\/ernestojara.com.uy\/wp-content\/uploads\/2023\/03\/4-300x300.jpg 300w, https:\/\/ernestojara.com.uy\/wp-content\/uploads\/2023\/03\/4-150x150.jpg 150w, https:\/\/ernestojara.com.uy\/wp-content\/uploads\/2023\/03\/4-768x768.jpg 768w\" sizes=\"(max-width: 800px) 100vw, 800px\" \/><\/div>\n\t\t<\/a>\n\t\t\t\t<div class=\"elementor-post__text\">\n\t\t\t\t<h3 class=\"elementor-post__title\">\n\t\t\t<a href=\"https:\/\/ernestojara.com.uy\/index.php\/2023\/03\/15\/resiliencia-tres-uruguayos-que-superaron-la-adversidad-y-la-tragedia\/\" >\n\t\t\t\tResiliencia: tres uruguayos que superaron la adversidad y la tragedia\t\t\t<\/a>\n\t\t<\/h3>\n\t\t\t\t<\/div>\n\t\t\t\t<\/article>\n\t\t\t\t<article class=\"elementor-post elementor-grid-item post-305 post type-post status-publish format-standard has-post-thumbnail hentry category-prensa\" role=\"listitem\">\n\t\t\t\t<a class=\"elementor-post__thumbnail__link\" href=\"https:\/\/ernestojara.com.uy\/index.php\/2023\/03\/15\/lengua-larga-entrevista-a-ernesto-jara\/\" tabindex=\"-1\" >\n\t\t\t<div class=\"elementor-post__thumbnail\"><img loading=\"lazy\" decoding=\"async\" width=\"800\" height=\"800\" src=\"https:\/\/ernestojara.com.uy\/wp-content\/uploads\/2023\/03\/3.jpg\" class=\"attachment-full size-full wp-image-288\" alt=\"Lengua larga - Entrevista a Ernesto Jara\" srcset=\"https:\/\/ernestojara.com.uy\/wp-content\/uploads\/2023\/03\/3.jpg 800w, https:\/\/ernestojara.com.uy\/wp-content\/uploads\/2023\/03\/3-300x300.jpg 300w, https:\/\/ernestojara.com.uy\/wp-content\/uploads\/2023\/03\/3-150x150.jpg 150w, https:\/\/ernestojara.com.uy\/wp-content\/uploads\/2023\/03\/3-768x768.jpg 768w\" sizes=\"(max-width: 800px) 100vw, 800px\" \/><\/div>\n\t\t<\/a>\n\t\t\t\t<div class=\"elementor-post__text\">\n\t\t\t\t<h3 class=\"elementor-post__title\">\n\t\t\t<a href=\"https:\/\/ernestojara.com.uy\/index.php\/2023\/03\/15\/lengua-larga-entrevista-a-ernesto-jara\/\" >\n\t\t\t\tLengua larga &#8211; Entrevista a Ernesto Jara\t\t\t<\/a>\n\t\t<\/h3>\n\t\t\t\t<\/div>\n\t\t\t\t<\/article>\n\t\t\t\t<article class=\"elementor-post elementor-grid-item post-298 post type-post status-publish format-standard has-post-thumbnail hentry category-prensa\" role=\"listitem\">\n\t\t\t\t<a class=\"elementor-post__thumbnail__link\" href=\"https:\/\/ernestojara.com.uy\/index.php\/2023\/03\/15\/las-conversaciones-dificiles-nos-hacen-la-vida-mas-facil\/\" tabindex=\"-1\" >\n\t\t\t<div class=\"elementor-post__thumbnail\"><img loading=\"lazy\" decoding=\"async\" width=\"800\" height=\"800\" src=\"https:\/\/ernestojara.com.uy\/wp-content\/uploads\/2023\/03\/5.jpg\" class=\"attachment-full size-full wp-image-286\" alt=\"\" srcset=\"https:\/\/ernestojara.com.uy\/wp-content\/uploads\/2023\/03\/5.jpg 800w, https:\/\/ernestojara.com.uy\/wp-content\/uploads\/2023\/03\/5-300x300.jpg 300w, https:\/\/ernestojara.com.uy\/wp-content\/uploads\/2023\/03\/5-150x150.jpg 150w, https:\/\/ernestojara.com.uy\/wp-content\/uploads\/2023\/03\/5-768x768.jpg 768w\" sizes=\"(max-width: 800px) 100vw, 800px\" \/><\/div>\n\t\t<\/a>\n\t\t\t\t<div class=\"elementor-post__text\">\n\t\t\t\t<h3 class=\"elementor-post__title\">\n\t\t\t<a href=\"https:\/\/ernestojara.com.uy\/index.php\/2023\/03\/15\/las-conversaciones-dificiles-nos-hacen-la-vida-mas-facil\/\" >\n\t\t\t\t\u201cLas conversaciones dif\u00edciles nos hacen la vida m\u00e1s f\u00e1cil\u201d\t\t\t<\/a>\n\t\t<\/h3>\n\t\t\t\t<\/div>\n\t\t\t\t<\/article>\n\t\t\t\t<article class=\"elementor-post elementor-grid-item post-294 post type-post status-publish format-standard has-post-thumbnail hentry category-prensa\" role=\"listitem\">\n\t\t\t\t<a class=\"elementor-post__thumbnail__link\" href=\"https:\/\/ernestojara.com.uy\/index.php\/2023\/03\/15\/debate-ciudadano-fm-101-9-09-09-20\/\" tabindex=\"-1\" >\n\t\t\t<div class=\"elementor-post__thumbnail\"><img loading=\"lazy\" decoding=\"async\" width=\"800\" height=\"800\" src=\"https:\/\/ernestojara.com.uy\/wp-content\/uploads\/2023\/03\/2.jpg\" class=\"attachment-full size-full wp-image-289\" alt=\"\" srcset=\"https:\/\/ernestojara.com.uy\/wp-content\/uploads\/2023\/03\/2.jpg 800w, https:\/\/ernestojara.com.uy\/wp-content\/uploads\/2023\/03\/2-300x300.jpg 300w, https:\/\/ernestojara.com.uy\/wp-content\/uploads\/2023\/03\/2-150x150.jpg 150w, https:\/\/ernestojara.com.uy\/wp-content\/uploads\/2023\/03\/2-768x768.jpg 768w\" sizes=\"(max-width: 800px) 100vw, 800px\" \/><\/div>\n\t\t<\/a>\n\t\t\t\t<div class=\"elementor-post__text\">\n\t\t\t\t<h3 class=\"elementor-post__title\">\n\t\t\t<a href=\"https:\/\/ernestojara.com.uy\/index.php\/2023\/03\/15\/debate-ciudadano-fm-101-9-09-09-20\/\" >\n\t\t\t\tDebate Ciudadano FM 101.9 09\/09\/20\t\t\t<\/a>\n\t\t<\/h3>\n\t\t\t\t<\/div>\n\t\t\t\t<\/article>\n\t\t\t\t<article class=\"elementor-post elementor-grid-item post-292 post type-post status-publish format-standard has-post-thumbnail hentry category-prensa\" role=\"listitem\">\n\t\t\t\t<a class=\"elementor-post__thumbnail__link\" href=\"https:\/\/ernestojara.com.uy\/index.php\/2023\/03\/15\/cero-es-tres-entrevista-ernesto-jara-coach-y-comunicador-social\/\" tabindex=\"-1\" >\n\t\t\t<div class=\"elementor-post__thumbnail\"><img loading=\"lazy\" decoding=\"async\" width=\"800\" height=\"800\" src=\"https:\/\/ernestojara.com.uy\/wp-content\/uploads\/2023\/03\/1.jpg\" class=\"attachment-full size-full wp-image-290\" alt=\"Entrevista en Cero es tres\" srcset=\"https:\/\/ernestojara.com.uy\/wp-content\/uploads\/2023\/03\/1.jpg 800w, https:\/\/ernestojara.com.uy\/wp-content\/uploads\/2023\/03\/1-300x300.jpg 300w, https:\/\/ernestojara.com.uy\/wp-content\/uploads\/2023\/03\/1-150x150.jpg 150w, https:\/\/ernestojara.com.uy\/wp-content\/uploads\/2023\/03\/1-768x768.jpg 768w\" sizes=\"(max-width: 800px) 100vw, 800px\" \/><\/div>\n\t\t<\/a>\n\t\t\t\t<div class=\"elementor-post__text\">\n\t\t\t\t<h3 class=\"elementor-post__title\">\n\t\t\t<a href=\"https:\/\/ernestojara.com.uy\/index.php\/2023\/03\/15\/cero-es-tres-entrevista-ernesto-jara-coach-y-comunicador-social\/\" >\n\t\t\t\tCero es Tres &#8211; Entrevista Ernesto Jara (Coach y Comunicador Social)\t\t\t<\/a>\n\t\t<\/h3>\n\t\t\t\t<\/div>\n\t\t\t\t<\/article>\n\t\t\t\t<\/div>\n\t\t\t\t\t<span class=\"e-load-more-spinner\">\n\t\t\t\t<i aria-hidden=\"true\" class=\"fas fa-spinner\"><\/i>\t\t\t<\/span>\n\t\t\n\t\t\t\t\t\t<\/div>\n\t\t\t\t<\/div>\n\t\t\t\t\t<\/div>\n\t\t<\/div>\n\t\t\t\t<div class=\"elementor-column elementor-col-50 elementor-top-column elementor-element elementor-element-7a1713e0 elementor-hidden-mobile\" data-id=\"7a1713e0\" data-element_type=\"column\" data-e-type=\"column\">\n\t\t\t<div class=\"elementor-widget-wrap elementor-element-populated\">\n\t\t\t\t\t\t<div class=\"elementor-element elementor-element-5751636e elementor-widget elementor-widget-heading\" data-id=\"5751636e\" data-element_type=\"widget\" data-e-type=\"widget\" data-settings=\"{&quot;ekit_we_effect_on&quot;:&quot;none&quot;}\" data-widget_type=\"heading.default\">\n\t\t\t\t<div class=\"elementor-widget-container\">\n\t\t\t\t\t<h2 class=\"elementor-heading-title elementor-size-default\">Conferencias<\/h2>\t\t\t\t<\/div>\n\t\t\t\t<\/div>\n\t\t\t\t<div class=\"elementor-element elementor-element-9b0a240 elementor-grid-1 elementor-grid-tablet-1 elementor-grid-mobile-1 elementor-posts--thumbnail-top elementor-widget elementor-widget-posts\" data-id=\"9b0a240\" data-element_type=\"widget\" data-e-type=\"widget\" data-settings=\"{&quot;classic_columns&quot;:&quot;1&quot;,&quot;classic_row_gap&quot;:{&quot;unit&quot;:&quot;px&quot;,&quot;size&quot;:15,&quot;sizes&quot;:[]},&quot;classic_columns_tablet&quot;:&quot;1&quot;,&quot;classic_columns_mobile&quot;:&quot;1&quot;,&quot;classic_row_gap_tablet&quot;:{&quot;unit&quot;:&quot;px&quot;,&quot;size&quot;:&quot;&quot;,&quot;sizes&quot;:[]},&quot;classic_row_gap_mobile&quot;:{&quot;unit&quot;:&quot;px&quot;,&quot;size&quot;:&quot;&quot;,&quot;sizes&quot;:[]},&quot;ekit_we_effect_on&quot;:&quot;none&quot;}\" data-widget_type=\"posts.classic\">\n\t\t\t\t<div class=\"elementor-widget-container\">\n\t\t\t\t\t\t\t<div class=\"elementor-posts-container elementor-posts elementor-posts--skin-classic elementor-grid\" role=\"list\">\n\t\t\t\t<article class=\"elementor-post elementor-grid-item post-1831 post type-post status-publish format-standard has-post-thumbnail hentry category-conferencias\" role=\"listitem\">\n\t\t\t\t<a class=\"elementor-post__thumbnail__link\" href=\"https:\/\/ernestojara.com.uy\/index.php\/2023\/07\/17\/acude\/\" tabindex=\"-1\" >\n\t\t\t<div class=\"elementor-post__thumbnail\"><img loading=\"lazy\" decoding=\"async\" width=\"1600\" height=\"1200\" src=\"https:\/\/ernestojara.com.uy\/wp-content\/uploads\/2023\/07\/Acude-1.jpg\" class=\"attachment-full size-full wp-image-1834\" alt=\"\" srcset=\"https:\/\/ernestojara.com.uy\/wp-content\/uploads\/2023\/07\/Acude-1.jpg 1600w, https:\/\/ernestojara.com.uy\/wp-content\/uploads\/2023\/07\/Acude-1-300x225.jpg 300w, https:\/\/ernestojara.com.uy\/wp-content\/uploads\/2023\/07\/Acude-1-1024x768.jpg 1024w, https:\/\/ernestojara.com.uy\/wp-content\/uploads\/2023\/07\/Acude-1-768x576.jpg 768w, https:\/\/ernestojara.com.uy\/wp-content\/uploads\/2023\/07\/Acude-1-1536x1152.jpg 1536w\" sizes=\"(max-width: 1600px) 100vw, 1600px\" \/><\/div>\n\t\t<\/a>\n\t\t\t\t<div class=\"elementor-post__text\">\n\t\t\t\t<h3 class=\"elementor-post__title\">\n\t\t\t<a href=\"https:\/\/ernestojara.com.uy\/index.php\/2023\/07\/17\/acude\/\" >\n\t\t\t\tACUDE\t\t\t<\/a>\n\t\t<\/h3>\n\t\t\t\t<div class=\"elementor-post__excerpt\">\n\t\t\t<p>Fui invitado a dar una charla en Acude, servicio de\t\t<\/div>\n\t\t\t\t\t<div class=\"elementor-post__read-more-wrapper\">\n\t\t\n\t\t<a class=\"elementor-post__read-more\" href=\"https:\/\/ernestojara.com.uy\/index.php\/2023\/07\/17\/acude\/\" aria-label=\"Read more about ACUDE\" tabindex=\"-1\" >\n\t\t\tVer m\u00e1s \u00bb\t\t<\/a>\n\n\t\t\t\t\t<\/div>\n\t\t\t\t<\/div>\n\t\t\t\t<\/article>\n\t\t\t\t<article class=\"elementor-post elementor-grid-item post-1920 post type-post status-publish format-standard has-post-thumbnail hentry category-conferencias\" role=\"listitem\">\n\t\t\t\t<a class=\"elementor-post__thumbnail__link\" href=\"https:\/\/ernestojara.com.uy\/index.php\/2023\/07\/17\/ipnl\/\" tabindex=\"-1\" >\n\t\t\t<div class=\"elementor-post__thumbnail\"><img loading=\"lazy\" decoding=\"async\" width=\"960\" height=\"524\" src=\"https:\/\/ernestojara.com.uy\/wp-content\/uploads\/2023\/07\/ipnl-2.jpg\" class=\"attachment-full size-full wp-image-1923\" alt=\"\" srcset=\"https:\/\/ernestojara.com.uy\/wp-content\/uploads\/2023\/07\/ipnl-2.jpg 960w, https:\/\/ernestojara.com.uy\/wp-content\/uploads\/2023\/07\/ipnl-2-300x164.jpg 300w, https:\/\/ernestojara.com.uy\/wp-content\/uploads\/2023\/07\/ipnl-2-768x419.jpg 768w\" sizes=\"(max-width: 960px) 100vw, 960px\" \/><\/div>\n\t\t<\/a>\n\t\t\t\t<div class=\"elementor-post__text\">\n\t\t\t\t<h3 class=\"elementor-post__title\">\n\t\t\t<a href=\"https:\/\/ernestojara.com.uy\/index.php\/2023\/07\/17\/ipnl\/\" >\n\t\t\t\tIPNL\t\t\t<\/a>\n\t\t<\/h3>\n\t\t\t\t<div class=\"elementor-post__excerpt\">\n\t\t\t<p>Cuando comenc\u00e9 con este proyecto de hacer la charla de\t\t<\/div>\n\t\t\t\t\t<div class=\"elementor-post__read-more-wrapper\">\n\t\t\n\t\t<a class=\"elementor-post__read-more\" href=\"https:\/\/ernestojara.com.uy\/index.php\/2023\/07\/17\/ipnl\/\" aria-label=\"Read more about IPNL\" tabindex=\"-1\" >\n\t\t\tVer m\u00e1s \u00bb\t\t<\/a>\n\n\t\t\t\t\t<\/div>\n\t\t\t\t<\/div>\n\t\t\t\t<\/article>\n\t\t\t\t<article class=\"elementor-post elementor-grid-item post-1888 post type-post status-publish format-standard has-post-thumbnail hentry category-conferencias\" role=\"listitem\">\n\t\t\t\t<a class=\"elementor-post__thumbnail__link\" href=\"https:\/\/ernestojara.com.uy\/index.php\/2023\/07\/17\/sala-la-experimental\/\" tabindex=\"-1\" >\n\t\t\t<div class=\"elementor-post__thumbnail\"><img loading=\"lazy\" decoding=\"async\" width=\"2560\" height=\"1709\" src=\"https:\/\/ernestojara.com.uy\/wp-content\/uploads\/2023\/07\/experimental-6-scaled.jpg\" class=\"attachment-full size-full wp-image-1894\" alt=\"\" srcset=\"https:\/\/ernestojara.com.uy\/wp-content\/uploads\/2023\/07\/experimental-6-scaled.jpg 2560w, https:\/\/ernestojara.com.uy\/wp-content\/uploads\/2023\/07\/experimental-6-300x200.jpg 300w, https:\/\/ernestojara.com.uy\/wp-content\/uploads\/2023\/07\/experimental-6-1024x684.jpg 1024w, https:\/\/ernestojara.com.uy\/wp-content\/uploads\/2023\/07\/experimental-6-768x513.jpg 768w, https:\/\/ernestojara.com.uy\/wp-content\/uploads\/2023\/07\/experimental-6-1536x1025.jpg 1536w, https:\/\/ernestojara.com.uy\/wp-content\/uploads\/2023\/07\/experimental-6-2048x1367.jpg 2048w\" sizes=\"(max-width: 2560px) 100vw, 2560px\" \/><\/div>\n\t\t<\/a>\n\t\t\t\t<div class=\"elementor-post__text\">\n\t\t\t\t<h3 class=\"elementor-post__title\">\n\t\t\t<a href=\"https:\/\/ernestojara.com.uy\/index.php\/2023\/07\/17\/sala-la-experimental\/\" >\n\t\t\t\tSala La Experimental\t\t\t<\/a>\n\t\t<\/h3>\n\t\t\t\t<div class=\"elementor-post__excerpt\">\n\t\t\t<p>Luego de realizar charlas en \u00e1mbitos privados y empresas, organic\u00e9\t\t<\/div>\n\t\t\t\t\t<div class=\"elementor-post__read-more-wrapper\">\n\t\t\n\t\t<a class=\"elementor-post__read-more\" href=\"https:\/\/ernestojara.com.uy\/index.php\/2023\/07\/17\/sala-la-experimental\/\" aria-label=\"Read more about Sala La Experimental\" tabindex=\"-1\" >\n\t\t\tVer m\u00e1s \u00bb\t\t<\/a>\n\n\t\t\t\t\t<\/div>\n\t\t\t\t<\/div>\n\t\t\t\t<\/article>\n\t\t\t\t<article class=\"elementor-post elementor-grid-item post-1900 post type-post status-publish format-standard has-post-thumbnail hentry category-conferencias\" role=\"listitem\">\n\t\t\t\t<a class=\"elementor-post__thumbnail__link\" href=\"https:\/\/ernestojara.com.uy\/index.php\/2023\/07\/17\/embajada-de-francia\/\" tabindex=\"-1\" >\n\t\t\t<div class=\"elementor-post__thumbnail\"><img loading=\"lazy\" decoding=\"async\" width=\"1600\" height=\"1200\" src=\"https:\/\/ernestojara.com.uy\/wp-content\/uploads\/2023\/07\/camara-francesa-1.jpg\" class=\"attachment-full size-full wp-image-1903\" alt=\"\" srcset=\"https:\/\/ernestojara.com.uy\/wp-content\/uploads\/2023\/07\/camara-francesa-1.jpg 1600w, https:\/\/ernestojara.com.uy\/wp-content\/uploads\/2023\/07\/camara-francesa-1-300x225.jpg 300w, https:\/\/ernestojara.com.uy\/wp-content\/uploads\/2023\/07\/camara-francesa-1-1024x768.jpg 1024w, https:\/\/ernestojara.com.uy\/wp-content\/uploads\/2023\/07\/camara-francesa-1-768x576.jpg 768w, https:\/\/ernestojara.com.uy\/wp-content\/uploads\/2023\/07\/camara-francesa-1-1536x1152.jpg 1536w\" sizes=\"(max-width: 1600px) 100vw, 1600px\" \/><\/div>\n\t\t<\/a>\n\t\t\t\t<div class=\"elementor-post__text\">\n\t\t\t\t<h3 class=\"elementor-post__title\">\n\t\t\t<a href=\"https:\/\/ernestojara.com.uy\/index.php\/2023\/07\/17\/embajada-de-francia\/\" >\n\t\t\t\tEmbajada de Francia\t\t\t<\/a>\n\t\t<\/h3>\n\t\t\t\t<div class=\"elementor-post__excerpt\">\n\t\t\t<p>Fue en tiempo de pandemia y aun con todas las\t\t<\/div>\n\t\t\t\t\t<div class=\"elementor-post__read-more-wrapper\">\n\t\t\n\t\t<a class=\"elementor-post__read-more\" href=\"https:\/\/ernestojara.com.uy\/index.php\/2023\/07\/17\/embajada-de-francia\/\" aria-label=\"Read more about Embajada de Francia\" tabindex=\"-1\" >\n\t\t\tVer m\u00e1s \u00bb\t\t<\/a>\n\n\t\t\t\t\t<\/div>\n\t\t\t\t<\/div>\n\t\t\t\t<\/article>\n\t\t\t\t<\/div>\n\t\t\n\t\t\t\t\t\t<\/div>\n\t\t\t\t<\/div>\n\t\t\t\t\t<\/div>\n\t\t<\/div>\n\t\t\t\t\t<\/div>\n\t\t<\/section>\n\t\t\t\t<\/div>\n\t\t","protected":false},"excerpt":{"rendered":"<p>Prensa Conferencias<\/p>\n","protected":false},"author":1,"featured_media":0,"parent":0,"menu_order":0,"comment_status":"closed","ping_status":"closed","template":"elementor_header_footer","meta":{"_joinchat":[],"footnotes":""},"class_list":["post-600","page","type-page","status-publish","hentry"],"_links":{"self":[{"href":"https:\/\/ernestojara.com.uy\/index.php\/wp-json\/wp\/v2\/pages\/600","targetHints":{"allow":["GET"]}}],"collection":[{"href":"https:\/\/ernestojara.com.uy\/index.php\/wp-json\/wp\/v2\/pages"}],"about":[{"href":"https:\/\/ernestojara.com.uy\/index.php\/wp-json\/wp\/v2\/types\/page"}],"author":[{"embeddable":true,"href":"https:\/\/ernestojara.com.uy\/index.php\/wp-json\/wp\/v2\/users\/1"}],"replies":[{"embeddable":true,"href":"https:\/\/ernestojara.com.uy\/index.php\/wp-json\/wp\/v2\/comments?post=600"}],"version-history":[{"count":0,"href":"https:\/\/ernestojara.com.uy\/index.php\/wp-json\/wp\/v2\/pages\/600\/revisions"}],"wp:attachment":[{"href":"https:\/\/ernestojara.com.uy\/index.php\/wp-json\/wp\/v2\/media?parent=600"}],"curies":[{"name":"wp","href":"https:\/\/api.w.org\/{rel}","templated":true}]}}